{"id":190,"date":"2025-05-27T16:24:14","date_gmt":"2025-05-27T16:24:14","guid":{"rendered":"https:\/\/plantilla-11.arrendasoft.co\/?page_id=190"},"modified":"2025-05-27T17:15:33","modified_gmt":"2025-05-27T17:15:33","slug":"sobre-nosotros","status":"publish","type":"page","link":"https:\/\/pruebas.ubika-digital.com\/index.php\/sobre-nosotros\/","title":{"rendered":"Sobre nosotros"},"content":{"rendered":"<p>[et_pb_section fb_built=\u00bb1&#8243; theme_builder_area=\u00bbpost_content\u00bb _builder_version=\u00bb4.27.4&#8243; _module_preset=\u00bbdefault\u00bb background_color=\u00bbrgba(204,219,236,0.45)\u00bb hover_enabled=\u00bb0&#8243; sticky_enabled=\u00bb0&#8243; title_text=\u00bbdots\u00bb background_image=\u00bbhttps:\/\/plantilla-11.arrendasoft.co\/wp-content\/uploads\/2025\/05\/dots.png\u00bb background_size=\u00bbinitial\u00bb background_position=\u00bbtop_right\u00bb background_horizontal_offset=\u00bb17%\u00bb background_vertical_offset=\u00bb7%\u00bb][et_pb_row _builder_version=\u00bb4.27.4&#8243; _module_preset=\u00bbdefault\u00bb theme_builder_area=\u00bbpost_content\u00bb column_structure=\u00bb3_5,2_5&#8243;][et_pb_column _builder_version=\u00bb4.27.4&#8243; _module_preset=\u00bbdefault\u00bb type=\u00bb3_5&#8243; theme_builder_area=\u00bbpost_content\u00bb][et_pb_heading title=\u00bbNos mueve la pasi\u00f3n por ayudar a nuestros clientes a encontrar su lugar ideal.\u00bb _builder_version=\u00bb4.27.4&#8243; _module_preset=\u00bbdefault\u00bb theme_builder_area=\u00bbpost_content\u00bb hover_enabled=\u00bb0&#8243; sticky_enabled=\u00bb0&#8243; title_line_height=\u00bb1.5em\u00bb title_font_size=\u00bb45px\u00bb][\/et_pb_heading][et_pb_button button_text=\u00bbVer propiedades\u00bb _builder_version=\u00bb4.27.4&#8243; _module_preset=\u00bbdefault\u00bb theme_builder_area=\u00bbpost_content\u00bb hover_enabled=\u00bb0&#8243; sticky_enabled=\u00bb0&#8243; custom_button=\u00bbon\u00bb button_bg_color=\u00bb#3da94c\u00bb button_bg_enable_color=\u00bbon\u00bb button_text_color=\u00bb#FFFFFF\u00bb button_border_width=\u00bb0px\u00bb button_font=\u00bb|300|||||||\u00bb][\/et_pb_button][\/et_pb_column][et_pb_column _builder_version=\u00bb4.27.4&#8243; _module_preset=\u00bbdefault\u00bb type=\u00bb2_5&#8243; theme_builder_area=\u00bbpost_content\u00bb][et_pb_image src=\u00bbhttps:\/\/plantilla-11.arrendasoft.co\/wp-content\/uploads\/2025\/05\/urbanizadora.jpg\u00bb _builder_version=\u00bb4.27.4&#8243; _module_preset=\u00bbdefault\u00bb theme_builder_area=\u00bbpost_content\u00bb title_text=\u00bbCustomers who choose to buy a condominium room and a bank approv\u00bb border_radii=\u00bbon|5px|5px|5px|5px\u00bb hover_enabled=\u00bb0&#8243; sticky_enabled=\u00bb0&#8243; box_shadow_style=\u00bbpreset3&#8243;][\/et_pb_image][\/et_pb_column][\/et_pb_row][\/et_pb_section][et_pb_section fb_built=\u00bb1&#8243; theme_builder_area=\u00bbpost_content\u00bb _builder_version=\u00bb4.27.4&#8243; _module_preset=\u00bbdefault\u00bb][et_pb_row _builder_version=\u00bb4.27.4&#8243; _module_preset=\u00bbdefault\u00bb theme_builder_area=\u00bbpost_content\u00bb column_structure=\u00bb1_3,1_3,1_3&#8243;][et_pb_column _builder_version=\u00bb4.27.4&#8243; _module_preset=\u00bbdefault\u00bb type=\u00bb1_3&#8243; theme_builder_area=\u00bbpost_content\u00bb][et_pb_heading title=\u00bbInmobiliaria nuby\u00bb _builder_version=\u00bb4.27.4&#8243; _module_preset=\u00bbdefault\u00bb theme_builder_area=\u00bbpost_content\u00bb hover_enabled=\u00bb0&#8243; sticky_enabled=\u00bb0&#8243;][\/et_pb_heading][\/et_pb_column][et_pb_column _builder_version=\u00bb4.27.4&#8243; _module_preset=\u00bbdefault\u00bb type=\u00bb1_3&#8243; theme_builder_area=\u00bbpost_content\u00bb][et_pb_text _builder_version=\u00bb4.27.4&#8243; _module_preset=\u00bbdefault\u00bb theme_builder_area=\u00bbpost_content\u00bb text_font=\u00bb|300|||||||\u00bb text_font_size=\u00bb16px\u00bb hover_enabled=\u00bb0&#8243; sticky_enabled=\u00bb0&#8243;]<\/p>\n<div class=\"elementor-element elementor-element-fce9146 e-flex e-con-boxed e-con e-parent e-lazyloaded\" data-id=\"fce9146\" data-element_type=\"container\" data-settings=\"{&quot;background_background&quot;:&quot;classic&quot;}\">\n<div class=\"e-con-inner\">\n<div class=\"elementor-element elementor-element-986101f e-con-full e-flex e-con e-child\" data-id=\"986101f\" data-element_type=\"container\">\n<div class=\"elementor-element elementor-element-3ee976e elementor-widget elementor-widget-cityscape-about-three-widget\" data-id=\"3ee976e\" data-element_type=\"widget\" data-widget_type=\"cityscape-about-three-widget.default\">\n<div class=\"elementor-widget-container\">\n<div class=\"about-content\">\n<div class=\"section-heading style-left\">\n<p class=\"section-heading__desc font-18\">En Inmobiliaria nuby, nos especializamos en ofrecer <strong>soluciones personalizadas para satisfacer todas tus necesidades inmobiliarias<\/strong>, ya sea que est\u00e9s buscando comprar, vender, alquilar o consignar una propiedad. Con a\u00f1os de experiencia en el mercado, hemos construido una reputaci\u00f3n basada en la confianza, la transparencia y la dedicaci\u00f3n a nuestros clientes.<\/p>\n<\/div>\n<\/div>\n<\/div>\n<\/div>\n<\/div>\n<\/div>\n<\/div>\n<div class=\"elementor-element elementor-element-08d762f e-flex e-con-boxed e-con e-parent e-lazyloaded\" data-id=\"08d762f\" data-element_type=\"container\" data-settings=\"{&quot;background_background&quot;:&quot;classic&quot;}\">\n<div class=\"e-con-inner\">\n<div class=\"elementor-element elementor-element-e737274 e-con-full e-flex e-con e-child\" data-id=\"e737274\" data-element_type=\"container\">\n<div class=\"elementor-element elementor-element-bd9fc2a elementor-widget elementor-widget-cityscape-theme-section-title-one-widget\" data-id=\"bd9fc2a\" data-element_type=\"widget\" data-widget_type=\"cityscape-theme-section-title-one-widget.default\">\n<div class=\"elementor-widget-container\"><\/div>\n<\/div>\n<\/div>\n<\/div>\n<\/div>\n<p>[\/et_pb_text][\/et_pb_column][et_pb_column _builder_version=\u00bb4.27.4&#8243; _module_preset=\u00bbdefault\u00bb type=\u00bb1_3&#8243; theme_builder_area=\u00bbpost_content\u00bb][et_pb_text _builder_version=\u00bb4.27.4&#8243; _module_preset=\u00bbdefault\u00bb theme_builder_area=\u00bbpost_content\u00bb text_font=\u00bb|300|||||||\u00bb text_font_size=\u00bb16px\u00bb hover_enabled=\u00bb0&#8243; sticky_enabled=\u00bb0&#8243;]<\/p>\n<div class=\"elementor-element elementor-element-fce9146 e-flex e-con-boxed e-con e-parent e-lazyloaded\" data-id=\"fce9146\" data-element_type=\"container\" data-settings=\"{&quot;background_background&quot;:&quot;classic&quot;}\">\n<div class=\"e-con-inner\">\n<div class=\"elementor-element elementor-element-986101f e-con-full e-flex e-con e-child\" data-id=\"986101f\" data-element_type=\"container\">\n<div class=\"elementor-element elementor-element-3ee976e elementor-widget elementor-widget-cityscape-about-three-widget\" data-id=\"3ee976e\" data-element_type=\"widget\" data-widget_type=\"cityscape-about-three-widget.default\">\n<div class=\"elementor-widget-container\">\n<div class=\"about-content\">\n<div class=\"section-heading style-left\">\n<p class=\"section-heading__desc font-18\">En Inmobiliaria Arrendasoft, nos especializamos en ofrecer <strong>soluciones personalizadas para satisfacer todas tus necesidades inmobiliarias<\/strong>, ya sea que est\u00e9s buscando comprar, vender, alquilar o consignar una propiedad. Con a\u00f1os de experiencia en el mercado, hemos construido una reputaci\u00f3n basada en la confianza, la transparencia y la dedicaci\u00f3n a nuestros clientes.<\/p>\n<\/div>\n<\/div>\n<\/div>\n<\/div>\n<\/div>\n<\/div>\n<\/div>\n<div class=\"elementor-element elementor-element-08d762f e-flex e-con-boxed e-con e-parent e-lazyloaded\" data-id=\"08d762f\" data-element_type=\"container\" data-settings=\"{&quot;background_background&quot;:&quot;classic&quot;}\">\n<div class=\"e-con-inner\">\n<div class=\"elementor-element elementor-element-e737274 e-con-full e-flex e-con e-child\" data-id=\"e737274\" data-element_type=\"container\">\n<div class=\"elementor-element elementor-element-bd9fc2a elementor-widget elementor-widget-cityscape-theme-section-title-one-widget\" data-id=\"bd9fc2a\" data-element_type=\"widget\" data-widget_type=\"cityscape-theme-section-title-one-widget.default\">\n<div class=\"elementor-widget-container\"><\/div>\n<\/div>\n<\/div>\n<\/div>\n<\/div>\n<p>[\/et_pb_text][\/et_pb_column][\/et_pb_row][\/et_pb_section][et_pb_section fb_built=\u00bb1&#8243; theme_builder_area=\u00bbpost_content\u00bb _builder_version=\u00bb4.27.4&#8243; _module_preset=\u00bbdefault\u00bb background_color=\u00bbrgba(204,219,236,0.45)\u00bb hover_enabled=\u00bb0&#8243; sticky_enabled=\u00bb0&#8243; title_text=\u00bbdots\u00bb background_image=\u00bbhttps:\/\/plantilla-11.arrendasoft.co\/wp-content\/uploads\/2025\/05\/dots.png\u00bb background_size=\u00bbinitial\u00bb background_position=\u00bbbottom_left\u00bb background_horizontal_offset=\u00bb17%\u00bb background_vertical_offset=\u00bb7%\u00bb][et_pb_row _builder_version=\u00bb4.27.4&#8243; _module_preset=\u00bbdefault\u00bb theme_builder_area=\u00bbpost_content\u00bb][et_pb_column _builder_version=\u00bb4.27.4&#8243; _module_preset=\u00bbdefault\u00bb type=\u00bb4_4&#8243; theme_builder_area=\u00bbpost_content\u00bb][et_pb_heading title=\u00bbConoce a nuestro equipo\u00bb _builder_version=\u00bb4.27.4&#8243; _module_preset=\u00bbdefault\u00bb theme_builder_area=\u00bbpost_content\u00bb title_text_align=\u00bbcenter\u00bb hover_enabled=\u00bb0&#8243; sticky_enabled=\u00bb0&#8243;][\/et_pb_heading][\/et_pb_column][\/et_pb_row][et_pb_row _builder_version=\u00bb4.27.4&#8243; _module_preset=\u00bbdefault\u00bb theme_builder_area=\u00bbpost_content\u00bb column_structure=\u00bb1_4,1_4,1_4,1_4&#8243; use_custom_gutter=\u00bbon\u00bb gutter_width=\u00bb2&#8243; hover_enabled=\u00bb0&#8243; sticky_enabled=\u00bb0&#8243;][et_pb_column _builder_version=\u00bb4.27.4&#8243; _module_preset=\u00bbdefault\u00bb type=\u00bb1_4&#8243; theme_builder_area=\u00bbpost_content\u00bb][dsm_image_reveal reveal_text=\u00bbNombre Asesor\u00bb src=\u00bbhttps:\/\/plantilla-11.arrendasoft.co\/wp-content\/uploads\/2025\/05\/businessman-holding-a-small-wooden-model-home-2024-10-18-06-17-01-utc-scaled.jpg\u00bb _builder_version=\u00bb4.27.4&#8243; _module_preset=\u00bbdefault\u00bb theme_builder_area=\u00bbpost_content\u00bb hover_enabled=\u00bb0&#8243; sticky_enabled=\u00bb0&#8243; title_text=\u00bbChinese businessman holding a small wooden model house\u00bb reveal_overlay_color=\u00bbrgba(0,0,0,0.5)\u00bb][\/dsm_image_reveal][\/et_pb_column][et_pb_column _builder_version=\u00bb4.27.4&#8243; _module_preset=\u00bbdefault\u00bb type=\u00bb1_4&#8243; theme_builder_area=\u00bbpost_content\u00bb][dsm_image_reveal reveal_text=\u00bbNombre Asesor\u00bb src=\u00bbhttps:\/\/plantilla-11.arrendasoft.co\/wp-content\/uploads\/2025\/05\/businessman-holding-a-small-wooden-model-home-2024-10-18-06-17-01-utc-scaled.jpg\u00bb _builder_version=\u00bb4.27.4&#8243; _module_preset=\u00bbdefault\u00bb theme_builder_area=\u00bbpost_content\u00bb hover_enabled=\u00bb0&#8243; sticky_enabled=\u00bb0&#8243; title_text=\u00bbChinese businessman holding a small wooden model house\u00bb reveal_overlay_color=\u00bbrgba(0,0,0,0.5)\u00bb][\/dsm_image_reveal][\/et_pb_column][et_pb_column _builder_version=\u00bb4.27.4&#8243; _module_preset=\u00bbdefault\u00bb type=\u00bb1_4&#8243; theme_builder_area=\u00bbpost_content\u00bb][dsm_image_reveal reveal_text=\u00bbNombre Asesor\u00bb src=\u00bbhttps:\/\/plantilla-11.arrendasoft.co\/wp-content\/uploads\/2025\/05\/businessman-holding-a-small-wooden-model-home-2024-10-18-06-17-01-utc-scaled.jpg\u00bb _builder_version=\u00bb4.27.4&#8243; _module_preset=\u00bbdefault\u00bb theme_builder_area=\u00bbpost_content\u00bb hover_enabled=\u00bb0&#8243; sticky_enabled=\u00bb0&#8243; title_text=\u00bbChinese businessman holding a small wooden model house\u00bb reveal_overlay_color=\u00bbrgba(0,0,0,0.5)\u00bb][\/dsm_image_reveal][\/et_pb_column][et_pb_column _builder_version=\u00bb4.27.4&#8243; _module_preset=\u00bbdefault\u00bb type=\u00bb1_4&#8243; theme_builder_area=\u00bbpost_content\u00bb][dsm_image_reveal reveal_text=\u00bbNombre Asesor\u00bb src=\u00bbhttps:\/\/plantilla-11.arrendasoft.co\/wp-content\/uploads\/2025\/05\/businessman-holding-a-small-wooden-model-home-2024-10-18-06-17-01-utc-scaled.jpg\u00bb _builder_version=\u00bb4.27.4&#8243; _module_preset=\u00bbdefault\u00bb theme_builder_area=\u00bbpost_content\u00bb hover_enabled=\u00bb0&#8243; sticky_enabled=\u00bb0&#8243; title_text=\u00bbChinese businessman holding a small wooden model house\u00bb reveal_overlay_color=\u00bbrgba(0,0,0,0.5)\u00bb][\/dsm_image_reveal][\/et_pb_column][\/et_pb_row][\/et_pb_section]<\/p>\n","protected":false},"excerpt":{"rendered":"<p>En Inmobiliaria nuby, nos especializamos en ofrecer soluciones personalizadas para satisfacer todas tus necesidades inmobiliarias, ya sea que est\u00e9s buscando comprar, vender, alquilar o consignar una propiedad. Con a\u00f1os de experiencia en el mercado, hemos construido una reputaci\u00f3n basada en la confianza, la transparencia y la dedicaci\u00f3n a nuestros clientes. En Inmobiliaria Arrendasoft, nos especializamos [&hellip;]<\/p>\n","protected":false},"author":1,"featured_media":0,"parent":0,"menu_order":0,"comment_status":"closed","ping_status":"closed","template":"","meta":{"_et_pb_use_builder":"on","_et_pb_old_content":"","_et_gb_content_width":"","footnotes":""},"class_list":["post-190","page","type-page","status-publish","hentry"],"_links":{"self":[{"href":"https:\/\/pruebas.ubika-digital.com\/index.php\/wp-json\/wp\/v2\/pages\/190","targetHints":{"allow":["GET"]}}],"collection":[{"href":"https:\/\/pruebas.ubika-digital.com\/index.php\/wp-json\/wp\/v2\/pages"}],"about":[{"href":"https:\/\/pruebas.ubika-digital.com\/index.php\/wp-json\/wp\/v2\/types\/page"}],"author":[{"embeddable":true,"href":"https:\/\/pruebas.ubika-digital.com\/index.php\/wp-json\/wp\/v2\/users\/1"}],"replies":[{"embeddable":true,"href":"https:\/\/pruebas.ubika-digital.com\/index.php\/wp-json\/wp\/v2\/comments?post=190"}],"version-history":[{"count":9,"href":"https:\/\/pruebas.ubika-digital.com\/index.php\/wp-json\/wp\/v2\/pages\/190\/revisions"}],"predecessor-version":[{"id":204,"href":"https:\/\/pruebas.ubika-digital.com\/index.php\/wp-json\/wp\/v2\/pages\/190\/revisions\/204"}],"wp:attachment":[{"href":"https:\/\/pruebas.ubika-digital.com\/index.php\/wp-json\/wp\/v2\/media?parent=190"}],"curies":[{"name":"wp","href":"https:\/\/api.w.org\/{rel}","templated":true}]}}